{"id":14,"date":"2020-02-10T18:05:02","date_gmt":"2020-02-10T18:05:02","guid":{"rendered":"http:\/\/dario.dsagastume.info\/?page_id=14"},"modified":"2025-04-21T18:07:00","modified_gmt":"2025-04-21T18:07:00","slug":"cv","status":"publish","type":"page","link":"https:\/\/www.darioescobar.com\/es\/cv\/","title":{"rendered":"CV"},"content":{"rendered":"<p>dar\u00edo escobar<br \/>\nciudad de guatemala, 1971.<br \/>\nvive y trabaja entre ciudad de guatemala y ciudad de m\u00e9xico.<\/p>\n<h2>selecci\u00f3n de exhibiciones personales<\/h2>\n<h3 class=\"p1\"><span class=\"s1\"> 2025<\/span><\/h3>\n<p>\u00abBastan dos espejos enfrentados para crear un laberinto\u00bb, Livia Benavides Galer\u00eda, Lima, Per\u00fa. (pr\u00f3ximamente)<br \/>\n\u00abEl peso de la memoria\u00bb, Nils St\u00e6rk Gallery, Copenhague.<\/p>\n<h3>2023<\/h3>\n<p>\u00abMensajes encriptados\u00bb, Almine Rech Gallery, Nueva York.<\/p>\n<h3>2022<\/h3>\n<p>\u00abLas palabras son plata, el silencio es oro\u00bb, Museo Nacional de Arte [MUNAL], Ciudad de M\u00e9xico.<br \/>\n\u00abMensajes encriptados\u00bb, Nils St\u00e6rk Gallery, Copenhague.<\/p>\n<h3>2019<\/h3>\n<p>\u00abDespu\u00e9s de la serpiente roja\u00bb, Fundaci\u00f3n ArtNexus, Bogot\u00e1, Colombia.<br \/>\n\u00abLo que no es bueno para uno, no necesariamente es malo para otro\u00bb, Proyectos Monclova, Ciudad de M\u00e9xico.<br \/>\n\u00abLa iron\u00eda de la coincidencia\u00bb, Galer\u00eda Leyendecker, Tenerife, Espa\u00f1a.<\/p>\n<h3>2018<\/h3>\n<p>\u00abL\u00edneas de fuga | Dar\u00edo Escobar\u00bb, Jos\u00e9e Bienvenu Gallery, Nueva York.<br \/>\n\u00abPrincipio de incertidumbre\u00bb, Nils St\u00e6rk Gallery, Copenhague.<\/p>\n<h3>2017<\/h3>\n<p>\u00abDar\u00edo Escobar \/ \u00d3rbitas imperfectas\u00bb, the 9.99 gallery, Ciudad de Guatemala, Guatemala.<\/p>\n<h3>2016<\/h3>\n<p>\u00abDar\u00edo Escobar: Composi\u00e7\u00f5es\u00bb, Casa Tri\u00e2ngulo, S\u00e3o Paulo, Brasil.<\/p>\n<h3>2015<\/h3>\n<p>\u00abOtro orden\u00bb, the 9.99 Gallery, Ciudad de Guatemala, Guatemala.<\/p>\n<h3>2014<\/h3>\n<p>\u00abUniones &amp; Intersecciones\u00bb, Nils St\u00e6rk Gallery, Copenhague.<\/p>\n<h3>2013<\/h3>\n<p>\u00abPintura abstracta No. 7\u00bb, Gonz\u00e1lez &amp; Gonz\u00e1lez, Santiago de Chile, Chile.<br \/>\n\u00abSin t\u00edtulo\u00bb, Kamel Mennour, Par\u00eds.<br \/>\n\u00abDar\u00edo Escobar \/ Proyecto Herrero\u00bb, Jos\u00e9e Bienvenu Gallery, Nueva York.<br \/>\n\u00abDar\u00edo Escobar \/ L\u00ednea &amp; Espacio\u00bb, ArteCentro, Ciudad de Guatemala, Guatemala.<\/p>\n<h3>2012<\/h3>\n<p>\u00abDar\u00edo Escobar \/ La experiencia del objeto\u00bb, Museo de Arte Contempor\u00e1neo de Santiago [MAC], Santiago de Chile, Chile.<br \/>\n\u00abDar\u00edo Escobar: Singular Plural\u00bb, Museum of Art, Savannah, Georgia \/ [SCAD] Atlanta \u2013 Gallery 1600, Atlanta, Georgia.<br \/>\n\u00abDar\u00edo Escobar \/ Obras recientes\u00bb, Bar\u00f3 Gallery, S\u00e3o Paulo, Brasil.<\/p>\n<h3>2011<\/h3>\n<p>\u00abDar\u00edo Escobar \/ Revisi\u00f3n\u00bb, Museo Nacional de Arte Moderno Carlos M\u00e9rida, Ciudad de Guatemala, Guatemala.<\/p>\n<h3>2010<\/h3>\n<p>\u00abLado y reverso\u00bb, Kamel Mennour, Par\u00eds.<br \/>\n\u00abAnverso y reverso\u00bb, Gonz\u00e1lez y Gonz\u00e1lez, Santiago de Chile, Chile.<\/p>\n<h3>2008<\/h3>\n<p>\u00abPlayoffs\u00bb, Jos\u00e9e Bienvenu Gallery, Nueva York.<\/p>\n<h3>2007<\/h3>\n<p>\u00abLa l\u00ednea interrumpida\u00bb, Centro Cultural Metropolitano [CCM], Ciudad de Guatemala, Guatemala.<br \/>\n\u00abDar\u00edo Escobar \/ Sala de proyectos\u00bb, Rotunda Gallery, Brooklyn, Nueva York.<\/p>\n<h3>2006<\/h3>\n<p>\u00abObjetos en tr\u00e1nsito\u00bb, Sala Gasco, Santiago de Chile, Chile.<\/p>\n<h3>2005<\/h3>\n<p>\u00abSerpentario\u00bb, Centro Cultural de Espa\u00f1a Guatemala [CCEG], Ciudad de Guatemala, Guatemala.<\/p>\n<h3>2003<\/h3>\n<p>\u00abEspacios provisionales\u00bb, Museo de Arte y Dise\u00f1o Contempor\u00e1neo [MADC], San Jos\u00e9, Costa Rica.<br \/>\n\u00abEntretenimientos visuales\u00bb, Museo de Arte Moderno de M\u00e9rida, M\u00e9rida, M\u00e9xico.<\/p>\n<h3>2000<\/h3>\n<p>\u00abDar\u00edo Escobar: Selecci\u00f3n\u00bb, II Bienal Nacional de Lima, Per\u00fa.<\/p>\n<p>&nbsp;<\/p>\n<h2>EXPOSICIONES COLECTIVAS SELECCIONADAS<\/h2>\n<h3>2025<\/h3>\n<p>\u201cEl ruido de la nada\u201d, Nils St\u00e6rk Gallery, Copenhague.<\/p>\n<h3>2024<\/h3>\n<p>\u201cRadicalmente \u00fanico, radicalmente diferente\u201d, Mayoral, Barcelona.<br \/>\n\u201c\u00a1Pase adelante!\u201d, Museo de Arte y Dise\u00f1o [MADC], San Jos\u00e9, Costa Rica.<br \/>\n\u201cEmic\/Etic\u201d, TEOR\/\u00e9Tica, Lado V &#8211; Centro de Estudio y Documentaci\u00f3n, San Jos\u00e9, Costa Rica.<br \/>\n\u201cTierra de nadie\u201d, Il Posto, Santiago de Chile, Chile.<br \/>\n\u201cEl cuarto paso\u201d, El Programa, Ciudad de Guatemala, Guatemala.<br \/>\n\u201cPaisajes cr\u00edticos: obras seleccionadas de la colecci\u00f3n Ella Fontanals\u2013Cisneros\u201d, Museum of Contemporary Art Denver [MCA], Denver, Colorado.<br \/>\n\u201cEl Dorado: Mitos del oro \u2013 Parte II\u201d, Americas Society\/Council of the Americas, Nueva York.<\/p>\n<h3>2022<\/h3>\n<p>\u201cCreando mundos. Una aproximaci\u00f3n a la lectura de la Colecci\u00f3n FEMSA\u201d, Museo de Arte e Historia de Guanajuato [MAHG], Le\u00f3n, Guanajuato, M\u00e9xico.<br \/>\n\u201cEl extranjero\u201d, NO NAME Creative Projects, Par\u00eds.<\/p>\n<h3>2021<\/h3>\n<p>\u201cGangwong Triennale 2021 | Archive3: Memorial cotidiano del residente\u201d, Hongcheon Art Museum, Hongcheon-gun, Gangwon-do, Rep\u00fablica de Corea.<br \/>\n\u201cBalls\u201d, OOF Gallery, Londres.<\/p>\n<h3>2020<\/h3>\n<p>\u201cEmerge Selections 2020\u201d, Museum of Contemporary Art Chicago [MCA], Chicago.<br \/>\n\u201cHistorias de la abstracci\u00f3n: Arte latinoamericano contempor\u00e1neo en el contexto global\u201d, Phoenix Art Museum, Phoenix, Arizona.<br \/>\n\u201cCulturas del mar: Arte de las Am\u00e9ricas antiguas\u201d, Nasher Museum of Art at Duke University, Durham, Carolina del Norte.<br \/>\n\u201cAl filo de la navaja\u201d, Museo Jumex, Ciudad de M\u00e9xico, M\u00e9xico.<br \/>\n\u201cRevisi\u00f3n: Arte en las Am\u00e9ricas\u201d, Denver Art Museum, Denver, Colorado.<\/p>\n<h3>2019<\/h3>\n<p>\u201cEl orden material de las cosas\u201d, Museo de Arte Contempor\u00e1neo de Monterrey, Monterrey, N.L., M\u00e9xico.<br \/>\n\u201cTantas repeticiones como sea posible\u201d, Naughton Gallery at Queen&#8217;s, Queen\u2019s University Belfast, Belfast, Irlanda del Norte, Reino Unido.<br \/>\n\u201cACE: Arte, deporte, promesa e identidad\u201d, University Art Museum, University at Albany, State University of New York \u2013 Albany, Nueva York.<br \/>\n*(A+D)25=Ag, Museo de Arte y Dise\u00f1o Contempor\u00e1neo [MADC], San Jos\u00e9, Costa Rica.<br \/>\n\u201cEl globo como paleta: Arte contempor\u00e1neo de la Colecci\u00f3n Taguchi\u201d, Hokkaido Obihiro Museum of Art \/ Kushiro Art Museum \/ Hakodate Museum of Art \/ Sapporo Art Museum, Jap\u00f3n.<br \/>\n\u201cVOLLGAS: FULL SPEED\u201d, Museum Art.Plus, Donaueschingen, Alemania.<\/p>\n<h3>2018<\/h3>\n<p>\u201cTemporalidades\u201d, Museo de Arte e Historia de Guanajuato, Guanajuato, M\u00e9xico.<br \/>\n\u201cPeople Get Ready\u201d, Nasher Museum of Art at Duke University, Durham, Carolina del Norte.<br \/>\n\u201cBall in Art\u201d, Zariadie Park, Mosc\u00fa.<br \/>\n\u201cPor amor al juego 1998\u20132018\u201d, Les Magasins g\u00e9n\u00e9raux, Par\u00eds.<br \/>\n\u201cEl juego del mundo: F\u00fatbol y arte contempor\u00e1neo\u201d, P\u00e9rez Art Museum Miami [PAMM], Florida.<br \/>\n\u201cGrandes artistas latinoamericanos\u201d, Centro Cultural de la Moneda, Santiago de Chile, Chile.<br \/>\n\u201c\u00a1Juega pelota! El b\u00e9isbol en el DIA\u201d, Detroit Institute of Arts [DIA], Detroit.<br \/>\n\u201cTransformers: Nueva escultura latinoamericana contempor\u00e1nea\u201d, AMA | Art Museum of the Americas, Washington DC.<br \/>\n#iff2018, Instituto Figueiredo Ferraz, S\u00e3o Paulo, Brasil.<\/p>\n<h3>2017<\/h3>\n<p>\u201cEn exhibici\u00f3n\u201d, Jos\u00e9e Bienvenu Gallery, Nueva York.<br \/>\n\u201cDe Ciudad de M\u00e9xico a LA: Una historia visual del arte gr\u00e1fico\u201d, Mixografia, Los \u00c1ngeles, California.<br \/>\n\u201cGuatemala desde 33,000 km: Arte contempor\u00e1neo, 1960 \u2013 presente\u201d, Museum of Contemporary Art, Santa Barbara, California.<br \/>\n\u201cProjectsLA\u201d, Downtown LA [DTLA] Warehouse, Los \u00c1ngeles.<\/p>\n<h3>2016<\/h3>\n<p>\u201cBuenas noticias\u201d, Jos\u00e9e Bienvenu Gallery, Nueva York.<br \/>\n\u201cFOOT FORAINE\u201d, Gare Saint Sauveur, Lille, Francia.<br \/>\n\u201c\u00a1GAME ON!\u201d, Children&#8217;s Museum of the Arts [CMA], Nueva York.<br \/>\n\u201cColecci\u00f3n MAC. Obras latinoamericanas\u201d, Museo de Arte Contempor\u00e1neo de Santiago [MAC], Santiago de Chile, Chile.<br \/>\n\u201cEl curso de las cosas\u201d, the 9.99 Gallery, Guatemala.<br \/>\n\u201cSuperposici\u00f3n\u201d, the 9.99 Gallery, Guatemala.<\/p>\n<h3>2015<\/h3>\n<p>\u201cPero no soy fot\u00f3grafo\u201d, The 9.99 Gallery, Guatemala.<br \/>\n\u201c10\u00aa Bienal del Mercosur\u201d, Porto Alegre, Brasil.<br \/>\n\u201cTrio Biennial\u201d, R\u00edo de Janeiro, Brasil.<br \/>\n\u201cOro\u201d, Neuberger Museum of Art, Purchase College, Purchase, Nueva York.<br \/>\n\u201cColecci\u00f3n Daros Latinamerica\u201d, Fundaci\u00f3n PROA, Buenos Aires.<br \/>\n\u201cL\u00edneas de la mano\u201d, Sicardi Gallery, Houston, Texas.<br \/>\n\u201c\u00bfBelleza?\u201d, Centro Cultural S\u00e3o Paulo, Brasil.<br \/>\n\u201c5 \u2013 RPM (Revoluciones por minuto)\u201d, The 9.99 Gallery, Ciudad de Guatemala, Guatemala.<\/p>\n<h3>2014<\/h3>\n<p>\u201cAltura x Anchura x Profundidad\u201d, The 9.99 Gallery, Ciudad de Guatemala, Guatemala.<br \/>\n\u201cEl d\u00eda que nos volvimos contempor\u00e1neos\u201d, Museo de Arte y Dise\u00f1o [MADC], San Jos\u00e9, Costa Rica.<br \/>\n\u201cOro\u201d, Bass Museum of Art, Miami, Florida.<br \/>\n\u201cF\u00fatbol: El juego bonito\u201d, Los Angeles County Museum of Art [LACMA], Los \u00c1ngeles, California.<br \/>\n\u201cDeslize\u201d, Apertura del Museu de Arte do Rio [MAR], R\u00edo de Janeiro.<\/p>\n<h3>2013<\/h3>\n<p>\u201cConfusi\u00f3n en la b\u00f3veda\u201d, Museo Jumex, Ciudad de M\u00e9xico.<br \/>\n\u201cExposici\u00f3n inaugural\u201d, The Pizzuti Collection, Columbus, Ohio.<br \/>\n\u201cTrienal California-Pac\u00edfico\u201d, Orange County Museum of Art [OCMA], Newport Beach \/ Coastline Community College Art Gallery [CCC], California.<br \/>\n\u201c\u00bfY\u2026 entonces?\u201d, The 9.99, Ciudad de Guatemala, Guatemala.<br \/>\n\u201cEl colectivo: Pregunta en la l\u00ednea\u201d, Museum of Latin American Art [MOLAA], Long Beach, California.<\/p>\n<h3>2012<\/h3>\n<p>\u201cF\u00fatbol. Arte y pasi\u00f3n\u201d, Museo de Arte Contempor\u00e1neo de Monterrey [MARCO], Monterrey, M\u00e9xico.<br \/>\n\u201cLa isla \/ Un juego de vida\u201d, Gallery One, Manarat al Saadiyat, Abu Dhabi.<br \/>\n\u201cJuega conmigo\u201d, Museum of Latin American Art [MOLAA], Long Beach, California.<\/p>\n<h3>2011<\/h3>\n<p>\u201cAhora: Obras de la Colecci\u00f3n Jumex\u201d, Instituto Cultural Caba\u00f1as, Guadalajara, M\u00e9xico.<br \/>\n\u201cVideo Again\u201d, Museo de Arte Contempor\u00e1neo de Fortaleza, Brasil.<br \/>\n\u201cProyecto Ideal\u201d, Centro Cultural de S\u00e3o Paulo, Brasil.<br \/>\n\u201cDel pasado reciente: Nuevas adquisiciones\u201d, Museum of Contemporary Art [MOCA], Los \u00c1ngeles, California.<\/p>\n<h3>2010<\/h3>\n<p>\u201cCap\u00edtulo II: Ruido\u201d, 9.99\/Proyecto, Ciudad de Guatemala, Guatemala.<br \/>\n\u201cProyecto Ideal\u201d, Museo de Arte Contempor\u00e1neo de Santiago [MAC], Santiago de Chile, Chile.<br \/>\n\u201cOptimismo radical\u201d, Jos\u00e9e Bienvenu Gallery, Nueva York.<br \/>\n\u201cXVII Bienal de Guatemala\u201d, Centro Cultural Metropolitano [CCM], Ciudad de Guatemala, Guatemala.<br \/>\n\u201cEfecto Dr\u00e1cula\u201d, Museo Universitario del CHOPO, Ciudad de M\u00e9xico, M\u00e9xico.<br \/>\n\u201cAfectos sociales: Selecci\u00f3n de la Colecci\u00f3n Permanente del David Rockefeller Center for Latin American Studies \/ Universidad de Harvard\u201d, Boston Center for the Arts \/ Mills Gallery, Boston, Massachusetts.<br \/>\n\u201cCuatro visiones de la colecci\u00f3n permanente\u201d, Museum of Latin American Art [MOLAA], Long Beach, California.<\/p>\n<h3>2009<\/h3>\n<p>\u201cLa impol\u00edtica\u201d, Palazzo delle Arti Napoli [PAN], N\u00e1poles, Italia.<br \/>\n\u201c10 Springs in the Fall\u201d, Kamel Mennour, Par\u00eds.<br \/>\n\u201cP\u00e9rif\u00e9riks\u201d, Centre d\u2019art Neuch\u00e2tel [CAN], Neuch\u00e2tel, Suiza.<br \/>\n\u201cMundus Novus: 53\u00aa Bienal Internacional de Venecia\u201d, Artiglerie dell\u2019Arsenale, Venecia, Italia.<br \/>\n\u201c0.3333333333333333\u2026\u201d, 9.99\/Proyecto, Ciudad de Guatemala, Guatemala.<br \/>\n\u201cLa nada y el yo\u201d, La Colecci\u00f3n Jumex, Ecatepec, Ciudad de M\u00e9xico, M\u00e9xico.<br \/>\n\u201cVideo Again\u201d, Metales Pesados, Santiago de Chile, Chile.<br \/>\n\u201cPerforming Localities\u201d, Institute of International Visual Arts [INIVA], Londres.<br \/>\n\u201cD\u00e9cima Bienal de La Habana\u201d, Fortaleza de San Carlos de la Caba\u00f1a, La Habana, Cuba.<\/p>\n<h3>2008<\/h3>\n<p>\u201cLa invenci\u00f3n de lo cotidiano\u201d, Museo Nacional de Arte [MUNAL], Ciudad de M\u00e9xico.<br \/>\n\u201cObjeto de valor\u201d, Miami Art Central [MAC-MAM], Miami, Florida.<br \/>\n\u201cTiempo de juego\u201d, B\u00e9tonsalon \/ Centre d\u2019art et de recherche, Par\u00eds.<br \/>\n\u201cHistorias del mundo\u201d, Des Moines Art Center, Des Moines, Iowa.<br \/>\n\u201cVisiones desde el extranjero\u201d, Flushing Town Hall, Nueva York.<br \/>\n\u201cElefante negro\u201d, Museo Diego Rivera, Ciudad de M\u00e9xico, M\u00e9xico.<\/p>\n<h3>2007<\/h3>\n<p>\u201cObjeto afortunado\u201d, Cisneros Fontanals Art Foundation [CIFO], Miami, Florida.<br \/>\n\u201cSilencio &amp; Eco\u201d, Arena 1, Santa M\u00f3nica, California.<br \/>\n\u201cLas horas: Artes visuales de Am\u00e9rica Latina contempor\u00e1nea\u201d, Museum of Contemporary Art, S\u00eddney, Australia.<br \/>\n\u201cPo\u00e9ticas de lo hecho a mano\u201d, The Museum of Contemporary Art [MOCA], Los \u00c1ngeles, California.<\/p>\n<h3>2006<\/h3>\n<p>\u201cEl esquiador al fondo del pozo. Quinta interpretaci\u00f3n de La Colecci\u00f3n Jumex\u201d, La Colecci\u00f3n Jumex, Ecatepec, Ciudad de M\u00e9xico, M\u00e9xico.<br \/>\n\u201cStil Biuti\u201d, Centro de Arte Contempor\u00e1neo Zamek Ujazdowski, Varsovia, Polonia.<br \/>\n\u201cEl juego bonito: Arte contempor\u00e1neo y f\u00fatbol\u201d, Brooklyn Academy of Music [BAM], Brooklyn, Nueva York.<br \/>\n\u201cPerturbaci\u00f3n constante\u201d, The Spanish Cultural Center, Miami, Florida.<\/p>\n<h3>2005<\/h3>\n<p>\u201cLas horas: Artes visuales de Am\u00e9rica Latina contempor\u00e1nea\u201d, Dublin Museum, Irlanda, Reino Unido.<br \/>\n\u201cViviendo por la ciudad\u201d, Jack Shainman Gallery, Nueva York \/ [CIEL] Centre International d\u2019Expositions de Larouche, Toronto, Canad\u00e1.<\/p>\n<h3>2004<\/h3>\n<p>\u201cPeri\u00f3dicos\u201d, Jos\u00e9e Bienvenu Gallery, Nueva York.<\/p>\n<h3>2003<\/h3>\n<p>\u201cIntangible\u201d, Museo de Arte y Dise\u00f1o Contempor\u00e1neo [MADC], San Jos\u00e9, Costa Rica.<br \/>\n\u201cLA Freeways: Latinoam\u00e9rica\u201d, The Museum of Contemporary Art [MOCA], Los \u00c1ngeles, California \/ Americas Society, Nueva York (2004).<br \/>\n\u201cRAIN Project\u201d, Pabell\u00f3n Cuba, La Habana, Cuba.<br \/>\n\u201cStretch\u201d, The Power Plant, Toronto, Canad\u00e1.<br \/>\n\u201cTransEAT\u201d, Food Culture Museum, Miami, Florida.<br \/>\n\u201cVIII Bienal de La Habana\u201d, Centro Wifredo Lam, La Habana, Cuba.<\/p>\n<h3>2002<\/h3>\n<p>\u201cARTitsmo\u201d, Museo de Arte y Dise\u00f1o Contempor\u00e1neo [MADC], San Jos\u00e9, Costa Rica.<br \/>\n\u201cContaminado\u201d, Museo de Arte y Dise\u00f1o Contempor\u00e1neo [MADC], San Jos\u00e9, Costa Rica.<br \/>\n\u201cDel centro a la isla\u201d, Casa de las Am\u00e9ricas, La Habana, Cuba.<br \/>\n\u201c\u00cdntimo\/Universal\u201d, Ateneo de Caracas, Caracas, Venezuela.<br \/>\n\u201cMesoam\u00e9rica: Oscilaciones y artificios\u201d, Centro Atl\u00e1ntico de Arte Moderno [CAAM], Islas Canarias, Espa\u00f1a.<br \/>\n\u201cZonas en tensi\u00f3n\u201d, de GANG Gallery, Haarlem, Pa\u00edses Bajos.<\/p>\n<h3>2001<\/h3>\n<p>\u201cConexi\u00f3n continua\u201d, Felissimo Project, Nueva York.<br \/>\n\u201cRelatos cortos\u201d, La Fabbrica del Vapore, Mil\u00e1n, Italia.<br \/>\n\u201cEspacios\/Cuerpos\/Identidades\u201d, Centro Cultural de Espa\u00f1a, San Jos\u00e9, Costa Rica.<br \/>\n\u201c13 horas\u201d, Sala Mendoza, Caracas, Venezuela.<br \/>\n\u201cBienal de Tirana\u201d, National Gallery &amp; Chinese Pavilion, Tirana, Albania.<br \/>\n\u201cIV Bienal del Caribe\u201d, Museo de Arte Moderno, Santo Domingo, Rep\u00fablica Dominicana.<br \/>\n\u201cBarro de Am\u00e9rica\u201d, IV Bienal, Museo de Arte Contempor\u00e1neo Sof\u00eda Imber, Caracas, Venezuela.<\/p>\n<h3>2000<\/h3>\n<p>\u201cFestival Internacional de Dise\u00f1o Bienal\u201d, \u00c9cole des Beaux Arts de Saint-\u00c9tienne, Saint-\u00c9tienne, Francia.<br \/>\n\u201cEl arte en el mundo\u201d, Pont Alexandre III, Par\u00eds.<\/p>\n<h3>1999<\/h3>\n<p>\u201cArte guatemalteco\u201d, Sala Oficial Juan Ismael del Cabildo de Fuerteventura, Islas Canarias, Espa\u00f1a.<br \/>\n\u201cII Bienal Iberoamericana de Lima\u201d, Lima, Per\u00fa.<\/p>\n<h3>1998<\/h3>\n<p>\u201cFotojornada \u201898\u201d, Museo Nacional de Arte Moderno Carlos M\u00e9rida, Ciudad de Guatemala, Guatemala.<br \/>\n\u201cSin t\u00edtulo\u201d, Plaza G&amp;T, Ciudad de Guatemala, Guatemala.<br \/>\n\u201cI Bienal Centroamericana\u201d, Centro Cultural Miguel \u00c1ngel Asturias, Ciudad de Guatemala, Guatemala \/ Duke University Museum of Art [DUMA], Carolina del Norte.<br \/>\n\u201cVI Bienal Internacional de Arte de Cuenca\u201d, Cuenca, Ecuador.<\/p>\n<h3>1997<\/h3>\n<p>\u201cLa joven estampa\u201d, Casa de las Am\u00e9ricas, La Habana, Cuba.<\/p>\n<p>&nbsp;<\/p>","protected":false},"excerpt":{"rendered":"<p>dar\u00edo escobar ciudad de guatemala, 1971. vive y trabaja entre ciudad de guatemala y ciudad de m\u00e9xico. selecci\u00f3n de exhibiciones personales 2025 \u00abBastan dos espejos enfrentados para crear un laberinto\u00bb, Livia Benavides Galer\u00eda, Lima, Per\u00fa. (pr\u00f3ximamente) \u00abEl peso de la memoria\u00bb, Nils St\u00e6rk Gallery, Copenhague. 2023 \u00abMensajes encriptados\u00bb, Almine Rech Gallery, Nueva York. 2022 \u00abLas [&hellip;]<\/p>\n","protected":false},"author":1,"featured_media":0,"parent":0,"menu_order":2,"comment_status":"closed","ping_status":"closed","template":"","meta":[],"_links":{"self":[{"href":"https:\/\/www.darioescobar.com\/es\/wp-json\/wp\/v2\/pages\/14"}],"collection":[{"href":"https:\/\/www.darioescobar.com\/es\/wp-json\/wp\/v2\/pages"}],"about":[{"href":"https:\/\/www.darioescobar.com\/es\/wp-json\/wp\/v2\/types\/page"}],"author":[{"embeddable":true,"href":"https:\/\/www.darioescobar.com\/es\/wp-json\/wp\/v2\/users\/1"}],"replies":[{"embeddable":true,"href":"https:\/\/www.darioescobar.com\/es\/wp-json\/wp\/v2\/comments?post=14"}],"version-history":[{"count":10,"href":"https:\/\/www.darioescobar.com\/es\/wp-json\/wp\/v2\/pages\/14\/revisions"}],"predecessor-version":[{"id":1436,"href":"https:\/\/www.darioescobar.com\/es\/wp-json\/wp\/v2\/pages\/14\/revisions\/1436"}],"wp:attachment":[{"href":"https:\/\/www.darioescobar.com\/es\/wp-json\/wp\/v2\/media?parent=14"}],"curies":[{"name":"wp","href":"https:\/\/api.w.org\/{rel}","templated":true}]}}